{"id":2094,"date":"2025-06-04T12:56:57","date_gmt":"2025-06-04T12:56:57","guid":{"rendered":"https:\/\/amerikax.com\/%d0%bc%d0%be%d0%b9-%d0%b0%d0%ba%d0%ba%d0%b0%d1%83%d0%bd%d1%82\/%d0%bd%d0%b0%d1%81%d1%82%d1%80%d0%be%d0%b9%d0%ba%d0%b8-webauthn\/"},"modified":"2025-06-04T13:47:51","modified_gmt":"2025-06-04T13:47:51","slug":"%d0%bd%d0%b0%d1%81%d1%82%d1%80%d0%be%d0%b9%d0%ba%d0%b8-webauthn","status":"publish","type":"page","link":"https:\/\/amerikax.com\/ru\/%d0%bc%d0%be%d0%b9-%d0%b0%d0%ba%d0%ba%d0%b0%d1%83%d0%bd%d1%82\/%d0%bd%d0%b0%d1%81%d1%82%d1%80%d0%be%d0%b9%d0%ba%d0%b8-webauthn\/","title":{"rendered":"\u041d\u0430\u0441\u0442\u0440\u043e\u0439\u043a\u0438 WebAuthn"},"content":{"rendered":"\n<style>\/* Tablo kapsay\u0131c\u0131 *\/\n.wwa-table-container {\n    max-width: 100%;\n    overflow-x: auto;\n    margin: 40px auto;\n    padding: 20px;\n    background-color: #ffffff;\n    border: 1px solid #e5e7eb;\n    border-radius: 10px;\n    box-shadow: 0 2px 10px rgba(0,0,0,0.03);\n}\n\n\/* Tablo stil *\/\n.wwa-list-table {\n    width: 100%;\n    border-collapse: collapse;\n    font-size: 15px;\n    min-width: 600px;\n}\n\n.wwa-list-table thead {\n    background-color: #f3f4f6;\n}\n\n.wwa-list-table thead th,\n.wwa-list-table tfoot th {\n    text-align: left;\n    padding: 12px 14px;\n    color: #1f2937;\n    font-weight: 600;\n    border-bottom: 2px solid #e5e7eb;\n}\n\n.wwa-list-table tbody td {\n    padding: 12px 14px;\n    border-bottom: 1px solid #e5e7eb;\n    color: #374151;\n    vertical-align: middle;\n}\n\n\/* Alternatif sat\u0131r rengi *\/\n.wwa-list-table tbody tr:nth-child(even) {\n    background-color: #f9fafb;\n}\n\n\/* Kullan\u0131c\u0131 ads\u0131z s\u00fctunu \u00f6zel *\/\n.wwa-usernameless-th {\n    text-align: center;\n}\n\n\/* Eylem s\u00fctunu *\/\n.wwa-list-table tbody td:last-child {\n    text-align: center;\n}\n\n\/* Y\u00fckleniyor sat\u0131r\u0131 *\/\n.wwa-authenticator-list td {\n    text-align: center;\n    color: #6b7280;\n    font-style: italic;\n}\n\n\/* A\u00e7\u0131klama paragraflar\u0131 *\/\n.wwa-authenticator-list-usernameless-tip,\n.wwa-authenticator-list-type-tip {\n    margin-top: 15px;\n    font-size: 14px;\n    color: #6b7280;\n    line-height: 1.5;\n}\n\n\/* Responsive uyumluluk *\/\n@media (max-width: 768px) {\n    .wwa-table-container {\n        padding: 10px;\n    }\n\n    .wwa-list-table {\n        font-size: 14px;\n        min-width: unset;\n    }\n\n    .wwa-list-table thead,\n    .wwa-list-table tfoot {\n        display: none;\n    }\n\n    .wwa-list-table tbody,\n    .wwa-list-table tr,\n    .wwa-list-table td {\n        display: block;\n        width: 100%;\n    }\n\n    .wwa-list-table td {\n        padding: 10px;\n        border-bottom: 1px solid #e5e7eb;\n        position: relative;\n    }\n\n    .wwa-list-table td::before {\n        content: attr(data-label);\n        display: block;\n        font-weight: 600;\n        color: #6b7280;\n        margin-bottom: 4px;\n    }\n}\n\n\/* Kapsay\u0131c\u0131 *\/\n.wwa-register-form {\n    margin: 40px auto;\n    padding: 30px;\n    background-color: #ffffff;\n    border: 1px solid #e5e7eb;\n    border-radius: 10px;\n    box-shadow: 0 2px 10px rgba(0,0,0,0.03);\n    font-family: inherit;\n}\n\n\/* Etiketler *\/\n.wwa-register-form label {\n    display: block;\n    margin-bottom: 6px;\n    margin-top: 20px;\n    font-size: 15px;\n    color: #111827;\n    font-weight: 600;\n}\n\n\/* A\u00e7\u0131klamalar *\/\n.wwa-bind-name-description,\n.wwa-bind-usernameless-description {\n    font-size: 14px;\n    color: #6b7280;\n    margin-top: 6px;\n    line-height: 1.5;\n}\n\n\/* Giri\u015f ve Select alanlar\u0131 *\/\n.wwa-register-form input[type=\"text\"],\n.wwa-register-form select {\n    width: 100%;\n    padding: 10px 14px;\n    border: 1px solid #d1d5db;\n    border-radius: 6px;\n    font-size: 15px;\n    background-color: #f9fafb;\n    transition: border 0.2s ease, background-color 0.2s ease;\n}\n\n.wwa-register-form input[type=\"text\"]:focus,\n.wwa-register-form select:focus {\n    border-color: #2563eb;\n    background-color: #fff;\n    outline: none;\n}\n\n\/* Radyo se\u00e7enekleri *\/\n.wwa-register-form input[type=\"radio\"] {\n    margin-right: 8px;\n    transform: scale(1.05);\n}\n\n\/* Kay\u0131t butonu *\/\n.wwa-bind-submit {\n    margin-top: 30px;\n    background-color: #2563eb;\n    color: #fff;\n    border: none;\n    padding: 12px 24px;\n    border-radius: 6px;\n    font-size: 15px;\n    font-weight: 600;\n    cursor: pointer;\n    transition: background-color 0.3s ease;\n}\n\n.wwa-bind-submit:hover {\n    background-color: #1e40af;\n}\n\n\/* Test buton alan\u0131 *\/\n.wwa-test {\n    margin: 30px auto;\n    padding: 24px;\n    background-color: #f9fafb;\n    border-radius: 8px;\n    text-align: center;\n    border: 1px solid #e5e7eb;\n}\n\n\/* Test butonlar\u0131 *\/\n.wwa-test-submit,\n.wwa-test-usernameless-submit {\n    background-color: #10b981;\n    color: #fff;\n    border: none;\n    padding: 10px 20px;\n    margin: 8px;\n    border-radius: 6px;\n    font-size: 14px;\n    font-weight: 600;\n    cursor: pointer;\n    transition: background-color 0.2s ease;\n}\n\n.wwa-test-submit:hover,\n.wwa-test-usernameless-submit:hover {\n    background-color: #059669;\n}\n\n\/* Responsive *\/\n@media (max-width: 768px) {\n    .wwa-register-form, .wwa-test {\n        padding: 20px;\n    }\n\n    .wwa-bind-submit,\n    .wwa-test-submit,\n    .wwa-test-usernameless-submit {\n        width: 100%;\n        margin-top: 10px;\n    }\n}\n\n\n\n<\/style>\n\n<div class=\"wwa-table-container\"><table class=\"wwa-list-table\"><thead><tr><th>Identifier<\/th><th>Type<\/th><th>Registered<\/th><th>Last used<\/th><th class=\"wwa-usernameless-th\">Usernameless<\/th><th>Action<\/th><\/tr><\/thead><tbody class=\"wwa-authenticator-list\"><tr><td colspan=\"5\">You haven't logged in yet.<\/td><\/tr><\/tbody><tfoot><tr><th>Identifier<\/th><th>Type<\/th><th>Registered<\/th><th>Last used<\/th><th class=\"wwa-usernameless-th\">Usernameless<\/th><th>Action<\/th><\/tr><\/tfoot><\/table><\/div><p class=\"wwa-authenticator-list-usernameless-tip\"><\/p><p class=\"wwa-authenticator-list-type-tip\"><\/p>\n\n<div class=\"wwa-register-form\"><p class=\"wwa-bind\">You haven't logged in yet.<\/p><\/div>\n\n<p class=\"wwa-test\">You haven't logged in yet.<\/p>\n","protected":false},"excerpt":{"rendered":"","protected":false},"author":1,"featured_media":0,"parent":1216,"menu_order":0,"comment_status":"closed","ping_status":"closed","template":"page-no-sidebar.php","meta":{"footnotes":""},"class_list":["post-2094","page","type-page","status-publish","hentry"],"yoast_head":"<!-- This site is optimized with the Yoast SEO plugin v25.5 - https:\/\/yoast.com\/wordpress\/plugins\/seo\/ -->\n<title>\u041d\u0430\u0441\u0442\u0440\u043e\u0439\u043a\u0438 WebAuthn | Amerikax<\/title>\n<meta name=\"robots\" content=\"index, follow, max-snippet:-1, max-image-preview:large, max-video-preview:-1\" \/>\n<link rel=\"canonical\" href=\"https:\/\/amerikax.com\/ru\/%d0%bc%d0%be%d0%b9-%d0%b0%d0%ba%d0%ba%d0%b0%d1%83%d0%bd%d1%82\/%d0%bd%d0%b0%d1%81%d1%82%d1%80%d0%be%d0%b9%d0%ba%d0%b8-webauthn\/\" \/>\n<meta property=\"og:locale\" content=\"ru_RU\" \/>\n<meta property=\"og:type\" content=\"article\" \/>\n<meta property=\"og:title\" content=\"\u041d\u0430\u0441\u0442\u0440\u043e\u0439\u043a\u0438 WebAuthn | Amerikax\" \/>\n<meta property=\"og:url\" content=\"https:\/\/amerikax.com\/ru\/%d0%bc%d0%be%d0%b9-%d0%b0%d0%ba%d0%ba%d0%b0%d1%83%d0%bd%d1%82\/%d0%bd%d0%b0%d1%81%d1%82%d1%80%d0%be%d0%b9%d0%ba%d0%b8-webauthn\/\" \/>\n<meta property=\"og:site_name\" content=\"Amerikax\" \/>\n<meta property=\"article:publisher\" content=\"https:\/\/facebook.com\/amerikaxcom\" \/>\n<meta property=\"article:modified_time\" content=\"2025-06-04T13:47:51+00:00\" \/>\n<meta property=\"og:image\" content=\"https:\/\/amerikax.com\/wp-content\/uploads\/2024\/04\/sosyalmedya.jpg\" \/>\n\t<meta property=\"og:image:width\" content=\"750\" \/>\n\t<meta property=\"og:image:height\" content=\"750\" \/>\n\t<meta property=\"og:image:type\" content=\"image\/jpeg\" \/>\n<meta name=\"twitter:card\" content=\"summary_large_image\" \/>\n<meta name=\"twitter:site\" content=\"@amerikaxcom\" \/>\n<script type=\"application\/ld+json\" class=\"yoast-schema-graph\">{\"@context\":\"https:\/\/schema.org\",\"@graph\":[{\"@type\":\"WebPage\",\"@id\":\"https:\/\/amerikax.com\/ru\/%d0%bc%d0%be%d0%b9-%d0%b0%d0%ba%d0%ba%d0%b0%d1%83%d0%bd%d1%82\/%d0%bd%d0%b0%d1%81%d1%82%d1%80%d0%be%d0%b9%d0%ba%d0%b8-webauthn\/\",\"url\":\"https:\/\/amerikax.com\/ru\/%d0%bc%d0%be%d0%b9-%d0%b0%d0%ba%d0%ba%d0%b0%d1%83%d0%bd%d1%82\/%d0%bd%d0%b0%d1%81%d1%82%d1%80%d0%be%d0%b9%d0%ba%d0%b8-webauthn\/\",\"name\":\"\u041d\u0430\u0441\u0442\u0440\u043e\u0439\u043a\u0438 WebAuthn | Amerikax\",\"isPartOf\":{\"@id\":\"https:\/\/amerikax.com\/ru\/#website\"},\"datePublished\":\"2025-06-04T12:56:57+00:00\",\"dateModified\":\"2025-06-04T13:47:51+00:00\",\"breadcrumb\":{\"@id\":\"https:\/\/amerikax.com\/ru\/%d0%bc%d0%be%d0%b9-%d0%b0%d0%ba%d0%ba%d0%b0%d1%83%d0%bd%d1%82\/%d0%bd%d0%b0%d1%81%d1%82%d1%80%d0%be%d0%b9%d0%ba%d0%b8-webauthn\/#breadcrumb\"},\"inLanguage\":\"ru-RU\",\"potentialAction\":[{\"@type\":\"ReadAction\",\"target\":[\"https:\/\/amerikax.com\/ru\/%d0%bc%d0%be%d0%b9-%d0%b0%d0%ba%d0%ba%d0%b0%d1%83%d0%bd%d1%82\/%d0%bd%d0%b0%d1%81%d1%82%d1%80%d0%be%d0%b9%d0%ba%d0%b8-webauthn\/\"]}]},{\"@type\":\"BreadcrumbList\",\"@id\":\"https:\/\/amerikax.com\/ru\/%d0%bc%d0%be%d0%b9-%d0%b0%d0%ba%d0%ba%d0%b0%d1%83%d0%bd%d1%82\/%d0%bd%d0%b0%d1%81%d1%82%d1%80%d0%be%d0%b9%d0%ba%d0%b8-webauthn\/#breadcrumb\",\"itemListElement\":[{\"@type\":\"ListItem\",\"position\":1,\"name\":\"Anasayfa\",\"item\":\"https:\/\/amerikax.com\/ru\/\"},{\"@type\":\"ListItem\",\"position\":2,\"name\":\"\u041c\u043e\u0439 \u0430\u043a\u043a\u0430\u0443\u043d\u0442\",\"item\":\"https:\/\/amerikax.com\/ru\/%d0%bc%d0%be%d0%b9-%d0%b0%d0%ba%d0%ba%d0%b0%d1%83%d0%bd%d1%82\/\"},{\"@type\":\"ListItem\",\"position\":3,\"name\":\"\u041d\u0430\u0441\u0442\u0440\u043e\u0439\u043a\u0438 WebAuthn\"}]},{\"@type\":\"WebSite\",\"@id\":\"https:\/\/amerikax.com\/ru\/#website\",\"url\":\"https:\/\/amerikax.com\/ru\/\",\"name\":\"Amerikax\",\"description\":\"\u0412\u0430\u0448 \u0446\u0438\u0444\u0440\u043e\u0432\u043e\u0439 \u043a\u043e\u043c\u043f\u0430\u0441 \u043a \u0434\u043e\u0441\u0442\u043e\u0432\u0435\u0440\u043d\u043e\u0439 \u0438\u043d\u0444\u043e\u0440\u043c\u0430\u0446\u0438\u0438\",\"publisher\":{\"@id\":\"https:\/\/amerikax.com\/ru\/#organization\"},\"potentialAction\":[{\"@type\":\"SearchAction\",\"target\":{\"@type\":\"EntryPoint\",\"urlTemplate\":\"https:\/\/amerikax.com\/ru\/?s={search_term_string}\"},\"query-input\":{\"@type\":\"PropertyValueSpecification\",\"valueRequired\":true,\"valueName\":\"search_term_string\"}}],\"inLanguage\":\"ru-RU\"},{\"@type\":\"Organization\",\"@id\":\"https:\/\/amerikax.com\/ru\/#organization\",\"name\":\"Amerikax\",\"url\":\"https:\/\/amerikax.com\/ru\/\",\"logo\":{\"@type\":\"ImageObject\",\"inLanguage\":\"ru-RU\",\"@id\":\"https:\/\/amerikax.com\/ru\/#\/schema\/logo\/image\/\",\"url\":\"https:\/\/amerikax.com\/wp-content\/uploads\/2024\/04\/512.jpg\",\"contentUrl\":\"https:\/\/amerikax.com\/wp-content\/uploads\/2024\/04\/512.jpg\",\"width\":512,\"height\":512,\"caption\":\"Amerikax\"},\"image\":{\"@id\":\"https:\/\/amerikax.com\/ru\/#\/schema\/logo\/image\/\"},\"sameAs\":[\"https:\/\/facebook.com\/amerikaxcom\",\"https:\/\/x.com\/amerikaxcom\",\"https:\/\/instagram.com\/amerikaxcom\",\"https:\/\/www.linkedin.com\/company\/amerikax\/\",\"https:\/\/www.youtube.com\/@amerikax\",\"https:\/\/www.pinterest.com\/amerikaxcom\"]}]}<\/script>\n<!-- \/ Yoast SEO plugin. -->","yoast_head_json":{"title":"\u041d\u0430\u0441\u0442\u0440\u043e\u0439\u043a\u0438 WebAuthn | Amerikax","robots":{"index":"index","follow":"follow","max-snippet":"max-snippet:-1","max-image-preview":"max-image-preview:large","max-video-preview":"max-video-preview:-1"},"canonical":"https:\/\/amerikax.com\/ru\/%d0%bc%d0%be%d0%b9-%d0%b0%d0%ba%d0%ba%d0%b0%d1%83%d0%bd%d1%82\/%d0%bd%d0%b0%d1%81%d1%82%d1%80%d0%be%d0%b9%d0%ba%d0%b8-webauthn\/","og_locale":"ru_RU","og_type":"article","og_title":"\u041d\u0430\u0441\u0442\u0440\u043e\u0439\u043a\u0438 WebAuthn | Amerikax","og_url":"https:\/\/amerikax.com\/ru\/%d0%bc%d0%be%d0%b9-%d0%b0%d0%ba%d0%ba%d0%b0%d1%83%d0%bd%d1%82\/%d0%bd%d0%b0%d1%81%d1%82%d1%80%d0%be%d0%b9%d0%ba%d0%b8-webauthn\/","og_site_name":"Amerikax","article_publisher":"https:\/\/facebook.com\/amerikaxcom","article_modified_time":"2025-06-04T13:47:51+00:00","og_image":[{"width":750,"height":750,"url":"https:\/\/amerikax.com\/wp-content\/uploads\/2024\/04\/sosyalmedya.jpg","type":"image\/jpeg"}],"twitter_card":"summary_large_image","twitter_site":"@amerikaxcom","schema":{"@context":"https:\/\/schema.org","@graph":[{"@type":"WebPage","@id":"https:\/\/amerikax.com\/ru\/%d0%bc%d0%be%d0%b9-%d0%b0%d0%ba%d0%ba%d0%b0%d1%83%d0%bd%d1%82\/%d0%bd%d0%b0%d1%81%d1%82%d1%80%d0%be%d0%b9%d0%ba%d0%b8-webauthn\/","url":"https:\/\/amerikax.com\/ru\/%d0%bc%d0%be%d0%b9-%d0%b0%d0%ba%d0%ba%d0%b0%d1%83%d0%bd%d1%82\/%d0%bd%d0%b0%d1%81%d1%82%d1%80%d0%be%d0%b9%d0%ba%d0%b8-webauthn\/","name":"\u041d\u0430\u0441\u0442\u0440\u043e\u0439\u043a\u0438 WebAuthn | Amerikax","isPartOf":{"@id":"https:\/\/amerikax.com\/ru\/#website"},"datePublished":"2025-06-04T12:56:57+00:00","dateModified":"2025-06-04T13:47:51+00:00","breadcrumb":{"@id":"https:\/\/amerikax.com\/ru\/%d0%bc%d0%be%d0%b9-%d0%b0%d0%ba%d0%ba%d0%b0%d1%83%d0%bd%d1%82\/%d0%bd%d0%b0%d1%81%d1%82%d1%80%d0%be%d0%b9%d0%ba%d0%b8-webauthn\/#breadcrumb"},"inLanguage":"ru-RU","potentialAction":[{"@type":"ReadAction","target":["https:\/\/amerikax.com\/ru\/%d0%bc%d0%be%d0%b9-%d0%b0%d0%ba%d0%ba%d0%b0%d1%83%d0%bd%d1%82\/%d0%bd%d0%b0%d1%81%d1%82%d1%80%d0%be%d0%b9%d0%ba%d0%b8-webauthn\/"]}]},{"@type":"BreadcrumbList","@id":"https:\/\/amerikax.com\/ru\/%d0%bc%d0%be%d0%b9-%d0%b0%d0%ba%d0%ba%d0%b0%d1%83%d0%bd%d1%82\/%d0%bd%d0%b0%d1%81%d1%82%d1%80%d0%be%d0%b9%d0%ba%d0%b8-webauthn\/#breadcrumb","itemListElement":[{"@type":"ListItem","position":1,"name":"Anasayfa","item":"https:\/\/amerikax.com\/ru\/"},{"@type":"ListItem","position":2,"name":"\u041c\u043e\u0439 \u0430\u043a\u043a\u0430\u0443\u043d\u0442","item":"https:\/\/amerikax.com\/ru\/%d0%bc%d0%be%d0%b9-%d0%b0%d0%ba%d0%ba%d0%b0%d1%83%d0%bd%d1%82\/"},{"@type":"ListItem","position":3,"name":"\u041d\u0430\u0441\u0442\u0440\u043e\u0439\u043a\u0438 WebAuthn"}]},{"@type":"WebSite","@id":"https:\/\/amerikax.com\/ru\/#website","url":"https:\/\/amerikax.com\/ru\/","name":"Amerikax","description":"\u0412\u0430\u0448 \u0446\u0438\u0444\u0440\u043e\u0432\u043e\u0439 \u043a\u043e\u043c\u043f\u0430\u0441 \u043a \u0434\u043e\u0441\u0442\u043e\u0432\u0435\u0440\u043d\u043e\u0439 \u0438\u043d\u0444\u043e\u0440\u043c\u0430\u0446\u0438\u0438","publisher":{"@id":"https:\/\/amerikax.com\/ru\/#organization"},"potentialAction":[{"@type":"SearchAction","target":{"@type":"EntryPoint","urlTemplate":"https:\/\/amerikax.com\/ru\/?s={search_term_string}"},"query-input":{"@type":"PropertyValueSpecification","valueRequired":true,"valueName":"search_term_string"}}],"inLanguage":"ru-RU"},{"@type":"Organization","@id":"https:\/\/amerikax.com\/ru\/#organization","name":"Amerikax","url":"https:\/\/amerikax.com\/ru\/","logo":{"@type":"ImageObject","inLanguage":"ru-RU","@id":"https:\/\/amerikax.com\/ru\/#\/schema\/logo\/image\/","url":"https:\/\/amerikax.com\/wp-content\/uploads\/2024\/04\/512.jpg","contentUrl":"https:\/\/amerikax.com\/wp-content\/uploads\/2024\/04\/512.jpg","width":512,"height":512,"caption":"Amerikax"},"image":{"@id":"https:\/\/amerikax.com\/ru\/#\/schema\/logo\/image\/"},"sameAs":["https:\/\/facebook.com\/amerikaxcom","https:\/\/x.com\/amerikaxcom","https:\/\/instagram.com\/amerikaxcom","https:\/\/www.linkedin.com\/company\/amerikax\/","https:\/\/www.youtube.com\/@amerikax","https:\/\/www.pinterest.com\/amerikaxcom"]}]}},"_links":{"self":[{"href":"https:\/\/amerikax.com\/ru\/wp-json\/wp\/v2\/pages\/2094","targetHints":{"allow":["GET"]}}],"collection":[{"href":"https:\/\/amerikax.com\/ru\/wp-json\/wp\/v2\/pages"}],"about":[{"href":"https:\/\/amerikax.com\/ru\/wp-json\/wp\/v2\/types\/page"}],"author":[{"embeddable":true,"href":"https:\/\/amerikax.com\/ru\/wp-json\/wp\/v2\/users\/1"}],"replies":[{"embeddable":true,"href":"https:\/\/amerikax.com\/ru\/wp-json\/wp\/v2\/comments?post=2094"}],"version-history":[{"count":1,"href":"https:\/\/amerikax.com\/ru\/wp-json\/wp\/v2\/pages\/2094\/revisions"}],"predecessor-version":[{"id":2095,"href":"https:\/\/amerikax.com\/ru\/wp-json\/wp\/v2\/pages\/2094\/revisions\/2095"}],"up":[{"embeddable":true,"href":"https:\/\/amerikax.com\/ru\/wp-json\/wp\/v2\/pages\/1216"}],"wp:attachment":[{"href":"https:\/\/amerikax.com\/ru\/wp-json\/wp\/v2\/media?parent=2094"}],"curies":[{"name":"wp","href":"https:\/\/api.w.org\/{rel}","templated":true}]}}