{"id":1223,"date":"2024-04-28T13:40:37","date_gmt":"2024-04-28T13:40:37","guid":{"rendered":"https:\/\/amerikax.com\/sobre-nos\/"},"modified":"2025-05-28T12:15:14","modified_gmt":"2025-05-28T12:15:14","slug":"sobre-nos","status":"publish","type":"page","link":"https:\/\/amerikax.com\/pt-br\/sobre-nos\/","title":{"rendered":"Sobre n\u00f3s"},"content":{"rendered":"\n<p><strong>Amerikax.com<\/strong> \u00e9 uma plataforma de compartilhamento de informa\u00e7\u00f5es criada em 2022 pela <strong>EDITOR <\/strong>para quem deseja obter informa\u00e7\u00f5es sobre os Estados Unidos. Em nossa plataforma, voc\u00ea pode encontrar tudo sobre a Am\u00e9rica: <\/p>\n\n<ul class=\"wp-block-list\">\n<li><strong>Perguntas e Respostas<\/strong>: Voc\u00ea pode encontrar respostas para todo tipo de d\u00favida que tiver sobre a Am\u00e9rica e receber respostas de outros usu\u00e1rios e especialistas.<\/li>\n\n\n\n<li><strong>Informa\u00e7\u00f5es<\/strong>: Voc\u00ea pode acessar informa\u00e7\u00f5es abrangentes sobre a hist\u00f3ria, geografia, cultura, sistema educacional, oportunidades de trabalho e muito mais dos Estados Unidos.<\/li>\n\n\n\n<li><strong>Artigos<\/strong>: Voc\u00ea pode ler artigos que apresentam not\u00edcias atuais, an\u00e1lises e conte\u00fados exclusivos sobre a Am\u00e9rica.<\/li>\n<\/ul>\n\n<p>O objetivo do <strong>Amerikax.com<\/strong> \u00e9 oferecer uma fonte de informa\u00e7\u00e3o abrangente e confi\u00e1vel para todos que t\u00eam interesse nos Estados Unidos. Em nossa plataforma, incentivamos uma discuss\u00e3o aberta e honesta sobre a Am\u00e9rica, dando espa\u00e7o para diferentes pontos de vista e opini\u00f5es. <\/p>\n\n<p><strong>Por que escolher o Amerikax.com?<\/strong><\/p>\n\n<ul class=\"wp-block-list\">\n<li><strong>Informado<\/strong>: Voc\u00ea pode acessar informa\u00e7\u00f5es abrangentes e atualizadas preparadas por especialistas e pessoas que vivem nos Estados Unidos.<\/li>\n\n\n\n<li><strong>Objetivo<\/strong>: Oferecemos uma plataforma imparcial e objetiva, dando espa\u00e7o para diferentes pontos de vista e opini\u00f5es.<\/li>\n\n\n\n<li><strong>Interativo<\/strong>: Com a se\u00e7\u00e3o de Perguntas e Respostas, voc\u00ea pode interagir com outros usu\u00e1rios e trocar ideias.<\/li>\n\n\n\n<li><strong>\u00datil<\/strong>: Com busca e navega\u00e7\u00e3o f\u00e1ceis, voc\u00ea pode encontrar rapidamente as informa\u00e7\u00f5es que procura.<\/li>\n<\/ul>\n\n<p>Junte-se ao <strong>Amerikax.com<\/strong> e aproveite o prazer de aprender e compartilhar informa\u00e7\u00f5es sobre os Estados Unidos.<\/p>\n\n<p><strong>Entre em contato conosco<\/strong><\/p>\n\n<p>Se voc\u00ea tiver qualquer d\u00favida ou sugest\u00e3o, n\u00e3o hesite em entrar em contato conosco usando nossa p\u00e1gina <a href=\"https:\/\/amerikax.com\/iletisim\/\">https:\/\/amerikax.com\/iletisim\/<\/a>.<\/p>\n\n<p><strong>Siga-nos nas redes sociais<\/strong><\/p>\n\n<ul class=\"wp-block-list\">\n<li>Facebook: <a href=\"https:\/\/facebook.com\/amerikaxcom\">https:\/\/facebook.com\/amerikaxcom<\/a><\/li>\n\n\n\n<li>X (Twiter): <a href=\"https:\/\/x.com\/amerikaxcom\">https:\/\/x.com\/amerikaxcom<\/a><\/li>\n\n\n\n<li>Instagram: <a href=\"https:\/\/instagram.com\/amerikaxcom\">https:\/\/instagram.com\/amerikaxcom<\/a><\/li>\n<\/ul>\n\n<p>Explore os Estados Unidos com o <strong>Amerikax.com<\/strong>!<\/p>\n","protected":false},"excerpt":{"rendered":"<p>Amerikax.com \u00e9 uma plataforma de compartilhamento de informa\u00e7\u00f5es criada em 2022 pela&#46;&#46;&#46;<\/p>\n","protected":false},"author":1,"featured_media":0,"parent":0,"menu_order":0,"comment_status":"closed","ping_status":"closed","template":"","meta":{"footnotes":""},"class_list":["post-1223","page","type-page","status-publish","hentry"],"yoast_head":"<!-- This site is optimized with the Yoast SEO plugin v25.5 - https:\/\/yoast.com\/wordpress\/plugins\/seo\/ -->\n<title>Sobre n\u00f3s | Amerikax<\/title>\n<meta name=\"robots\" content=\"index, follow, max-snippet:-1, max-image-preview:large, max-video-preview:-1\" \/>\n<link rel=\"canonical\" href=\"https:\/\/amerikax.com\/pt-br\/sobre-nos\/\" \/>\n<meta property=\"og:locale\" content=\"pt_BR\" \/>\n<meta property=\"og:type\" content=\"article\" \/>\n<meta property=\"og:title\" content=\"Sobre n\u00f3s | Amerikax\" \/>\n<meta property=\"og:description\" content=\"Amerikax.com \u00e9 uma plataforma de compartilhamento de informa\u00e7\u00f5es criada em 2022 pela&#046;&#046;&#046;\" \/>\n<meta property=\"og:url\" content=\"https:\/\/amerikax.com\/pt-br\/sobre-nos\/\" \/>\n<meta property=\"og:site_name\" content=\"Amerikax\" \/>\n<meta property=\"article:publisher\" content=\"https:\/\/facebook.com\/amerikaxcom\" \/>\n<meta property=\"article:modified_time\" content=\"2025-05-28T12:15:14+00:00\" \/>\n<meta property=\"og:image\" content=\"https:\/\/amerikax.com\/wp-content\/uploads\/2024\/04\/sosyalmedya.jpg\" \/>\n\t<meta property=\"og:image:width\" content=\"750\" \/>\n\t<meta property=\"og:image:height\" content=\"750\" \/>\n\t<meta property=\"og:image:type\" content=\"image\/jpeg\" \/>\n<meta name=\"twitter:card\" content=\"summary_large_image\" \/>\n<meta name=\"twitter:site\" content=\"@amerikaxcom\" \/>\n<meta name=\"twitter:label1\" content=\"Est. tempo de leitura\" \/>\n\t<meta name=\"twitter:data1\" content=\"2 minutos\" \/>\n<script type=\"application\/ld+json\" class=\"yoast-schema-graph\">{\"@context\":\"https:\/\/schema.org\",\"@graph\":[{\"@type\":\"WebPage\",\"@id\":\"https:\/\/amerikax.com\/pt-br\/sobre-nos\/\",\"url\":\"https:\/\/amerikax.com\/pt-br\/sobre-nos\/\",\"name\":\"Sobre n\u00f3s | Amerikax\",\"isPartOf\":{\"@id\":\"https:\/\/amerikax.com\/pt-br\/#website\"},\"datePublished\":\"2024-04-28T13:40:37+00:00\",\"dateModified\":\"2025-05-28T12:15:14+00:00\",\"breadcrumb\":{\"@id\":\"https:\/\/amerikax.com\/pt-br\/sobre-nos\/#breadcrumb\"},\"inLanguage\":\"pt-BR\",\"potentialAction\":[{\"@type\":\"ReadAction\",\"target\":[\"https:\/\/amerikax.com\/pt-br\/sobre-nos\/\"]}]},{\"@type\":\"BreadcrumbList\",\"@id\":\"https:\/\/amerikax.com\/pt-br\/sobre-nos\/#breadcrumb\",\"itemListElement\":[{\"@type\":\"ListItem\",\"position\":1,\"name\":\"Anasayfa\",\"item\":\"https:\/\/amerikax.com\/pt-br\/\"},{\"@type\":\"ListItem\",\"position\":2,\"name\":\"Sobre n\u00f3s\"}]},{\"@type\":\"WebSite\",\"@id\":\"https:\/\/amerikax.com\/pt-br\/#website\",\"url\":\"https:\/\/amerikax.com\/pt-br\/\",\"name\":\"Amerikax\",\"description\":\"Sua b\u00fassola digital para acessar informa\u00e7\u00f5es confi\u00e1veis\",\"publisher\":{\"@id\":\"https:\/\/amerikax.com\/pt-br\/#organization\"},\"potentialAction\":[{\"@type\":\"SearchAction\",\"target\":{\"@type\":\"EntryPoint\",\"urlTemplate\":\"https:\/\/amerikax.com\/pt-br\/?s={search_term_string}\"},\"query-input\":{\"@type\":\"PropertyValueSpecification\",\"valueRequired\":true,\"valueName\":\"search_term_string\"}}],\"inLanguage\":\"pt-BR\"},{\"@type\":\"Organization\",\"@id\":\"https:\/\/amerikax.com\/pt-br\/#organization\",\"name\":\"Amerikax\",\"url\":\"https:\/\/amerikax.com\/pt-br\/\",\"logo\":{\"@type\":\"ImageObject\",\"inLanguage\":\"pt-BR\",\"@id\":\"https:\/\/amerikax.com\/pt-br\/#\/schema\/logo\/image\/\",\"url\":\"https:\/\/amerikax.com\/wp-content\/uploads\/2024\/04\/512.jpg\",\"contentUrl\":\"https:\/\/amerikax.com\/wp-content\/uploads\/2024\/04\/512.jpg\",\"width\":512,\"height\":512,\"caption\":\"Amerikax\"},\"image\":{\"@id\":\"https:\/\/amerikax.com\/pt-br\/#\/schema\/logo\/image\/\"},\"sameAs\":[\"https:\/\/facebook.com\/amerikaxcom\",\"https:\/\/x.com\/amerikaxcom\",\"https:\/\/instagram.com\/amerikaxcom\",\"https:\/\/www.linkedin.com\/company\/amerikax\/\",\"https:\/\/www.youtube.com\/@amerikax\",\"https:\/\/www.pinterest.com\/amerikaxcom\"]}]}<\/script>\n<!-- \/ Yoast SEO plugin. -->","yoast_head_json":{"title":"Sobre n\u00f3s | Amerikax","robots":{"index":"index","follow":"follow","max-snippet":"max-snippet:-1","max-image-preview":"max-image-preview:large","max-video-preview":"max-video-preview:-1"},"canonical":"https:\/\/amerikax.com\/pt-br\/sobre-nos\/","og_locale":"pt_BR","og_type":"article","og_title":"Sobre n\u00f3s | Amerikax","og_description":"Amerikax.com \u00e9 uma plataforma de compartilhamento de informa\u00e7\u00f5es criada em 2022 pela&#46;&#46;&#46;","og_url":"https:\/\/amerikax.com\/pt-br\/sobre-nos\/","og_site_name":"Amerikax","article_publisher":"https:\/\/facebook.com\/amerikaxcom","article_modified_time":"2025-05-28T12:15:14+00:00","og_image":[{"width":750,"height":750,"url":"https:\/\/amerikax.com\/wp-content\/uploads\/2024\/04\/sosyalmedya.jpg","type":"image\/jpeg"}],"twitter_card":"summary_large_image","twitter_site":"@amerikaxcom","twitter_misc":{"Est. tempo de leitura":"2 minutos"},"schema":{"@context":"https:\/\/schema.org","@graph":[{"@type":"WebPage","@id":"https:\/\/amerikax.com\/pt-br\/sobre-nos\/","url":"https:\/\/amerikax.com\/pt-br\/sobre-nos\/","name":"Sobre n\u00f3s | Amerikax","isPartOf":{"@id":"https:\/\/amerikax.com\/pt-br\/#website"},"datePublished":"2024-04-28T13:40:37+00:00","dateModified":"2025-05-28T12:15:14+00:00","breadcrumb":{"@id":"https:\/\/amerikax.com\/pt-br\/sobre-nos\/#breadcrumb"},"inLanguage":"pt-BR","potentialAction":[{"@type":"ReadAction","target":["https:\/\/amerikax.com\/pt-br\/sobre-nos\/"]}]},{"@type":"BreadcrumbList","@id":"https:\/\/amerikax.com\/pt-br\/sobre-nos\/#breadcrumb","itemListElement":[{"@type":"ListItem","position":1,"name":"Anasayfa","item":"https:\/\/amerikax.com\/pt-br\/"},{"@type":"ListItem","position":2,"name":"Sobre n\u00f3s"}]},{"@type":"WebSite","@id":"https:\/\/amerikax.com\/pt-br\/#website","url":"https:\/\/amerikax.com\/pt-br\/","name":"Amerikax","description":"Sua b\u00fassola digital para acessar informa\u00e7\u00f5es confi\u00e1veis","publisher":{"@id":"https:\/\/amerikax.com\/pt-br\/#organization"},"potentialAction":[{"@type":"SearchAction","target":{"@type":"EntryPoint","urlTemplate":"https:\/\/amerikax.com\/pt-br\/?s={search_term_string}"},"query-input":{"@type":"PropertyValueSpecification","valueRequired":true,"valueName":"search_term_string"}}],"inLanguage":"pt-BR"},{"@type":"Organization","@id":"https:\/\/amerikax.com\/pt-br\/#organization","name":"Amerikax","url":"https:\/\/amerikax.com\/pt-br\/","logo":{"@type":"ImageObject","inLanguage":"pt-BR","@id":"https:\/\/amerikax.com\/pt-br\/#\/schema\/logo\/image\/","url":"https:\/\/amerikax.com\/wp-content\/uploads\/2024\/04\/512.jpg","contentUrl":"https:\/\/amerikax.com\/wp-content\/uploads\/2024\/04\/512.jpg","width":512,"height":512,"caption":"Amerikax"},"image":{"@id":"https:\/\/amerikax.com\/pt-br\/#\/schema\/logo\/image\/"},"sameAs":["https:\/\/facebook.com\/amerikaxcom","https:\/\/x.com\/amerikaxcom","https:\/\/instagram.com\/amerikaxcom","https:\/\/www.linkedin.com\/company\/amerikax\/","https:\/\/www.youtube.com\/@amerikax","https:\/\/www.pinterest.com\/amerikaxcom"]}]}},"_links":{"self":[{"href":"https:\/\/amerikax.com\/pt-br\/wp-json\/wp\/v2\/pages\/1223","targetHints":{"allow":["GET"]}}],"collection":[{"href":"https:\/\/amerikax.com\/pt-br\/wp-json\/wp\/v2\/pages"}],"about":[{"href":"https:\/\/amerikax.com\/pt-br\/wp-json\/wp\/v2\/types\/page"}],"author":[{"embeddable":true,"href":"https:\/\/amerikax.com\/pt-br\/wp-json\/wp\/v2\/users\/1"}],"replies":[{"embeddable":true,"href":"https:\/\/amerikax.com\/pt-br\/wp-json\/wp\/v2\/comments?post=1223"}],"version-history":[{"count":1,"href":"https:\/\/amerikax.com\/pt-br\/wp-json\/wp\/v2\/pages\/1223\/revisions"}],"predecessor-version":[{"id":1224,"href":"https:\/\/amerikax.com\/pt-br\/wp-json\/wp\/v2\/pages\/1223\/revisions\/1224"}],"wp:attachment":[{"href":"https:\/\/amerikax.com\/pt-br\/wp-json\/wp\/v2\/media?parent=1223"}],"curies":[{"name":"wp","href":"https:\/\/api.w.org\/{rel}","templated":true}]}}