{"id":1221,"date":"2024-04-28T13:40:37","date_gmt":"2024-04-28T13:40:37","guid":{"rendered":"https:\/\/amerikax.com\/sobre-nosotros\/"},"modified":"2025-05-28T12:09:43","modified_gmt":"2025-05-28T12:09:43","slug":"sobre-nosotros","status":"publish","type":"page","link":"https:\/\/amerikax.com\/es\/sobre-nosotros\/","title":{"rendered":"Sobre nosotros"},"content":{"rendered":"\n<p><strong>Amerikax.com<\/strong> es una plataforma de intercambio de informaci\u00f3n fundada en 2022 por <strong>EL EDITOR<\/strong> para quienes desean obtener informaci\u00f3n sobre los Estados Unidos. En nuestra plataforma, puedes encontrar todo sobre Am\u00e9rica: <\/p>\n\n<ul class=\"wp-block-list\">\n<li><strong>Preguntas y Respuestas<\/strong>: Puedes encontrar respuestas a todo tipo de preguntas que tengas sobre Estados Unidos y recibir respuestas de otros usuarios y expertos.<\/li>\n\n\n\n<li><strong>Informaci\u00f3n<\/strong>: Puedes acceder a informaci\u00f3n detallada sobre la historia, geograf\u00eda, cultura, sistema educativo, oportunidades laborales y mucho m\u00e1s sobre Estados Unidos.<\/li>\n\n\n\n<li><strong>Art\u00edculos<\/strong>: Puedes leer art\u00edculos que ofrecen noticias actualizadas, an\u00e1lisis y contenido exclusivo sobre Estados Unidos.<\/li>\n<\/ul>\n\n<p>El objetivo de <strong>Amerikax.com<\/strong> es ofrecer una fuente de informaci\u00f3n completa y confiable para todos los interesados en Estados Unidos. En nuestra plataforma, fomentamos un debate abierto y honesto sobre Am\u00e9rica, dando espacio a diferentes puntos de vista y opiniones. <\/p>\n\n<p><strong>\u00bfPor qu\u00e9 elegir Amerikax.com?<\/strong><\/p>\n\n<ul class=\"wp-block-list\">\n<li><strong>Informado<\/strong>: Puedes acceder a informaci\u00f3n completa y actualizada elaborada por expertos y personas que viven en Estados Unidos.<\/li>\n\n\n\n<li><strong>Objetivo<\/strong>: Ofrecemos una plataforma imparcial y objetiva, dando espacio a diferentes puntos de vista y opiniones.<\/li>\n\n\n\n<li><strong>Interactivo<\/strong>: Puedes interactuar con otros usuarios y intercambiar opiniones a trav\u00e9s de la secci\u00f3n de Preguntas y Respuestas.<\/li>\n\n\n\n<li><strong>\u00datil<\/strong>: Puedes encontrar r\u00e1pidamente la informaci\u00f3n que buscas gracias a una b\u00fasqueda y navegaci\u00f3n f\u00e1ciles.<\/li>\n<\/ul>\n\n<p>\u00danete a <strong>Amerikax.com<\/strong> y disfruta de obtener y compartir informaci\u00f3n sobre Estados Unidos.<\/p>\n\n<p><strong>Cont\u00e1ctanos<\/strong><\/p>\n\n<p>Si tienes alguna pregunta o sugerencia, no dudes en contactarnos utilizando nuestra p\u00e1gina <a href=\"https:\/\/amerikax.com\/iletisim\/\">https:\/\/amerikax.com\/iletisim\/<\/a>.<\/p>\n\n<p><strong>S\u00edguenos en las redes sociales<\/strong><\/p>\n\n<ul class=\"wp-block-list\">\n<li>Facebook: <a href=\"https:\/\/facebook.com\/amerikaxcom\">https:\/\/facebook.com\/amerikaxcom<\/a><\/li>\n\n\n\n<li>X (Twiter): <a href=\"https:\/\/x.com\/amerikaxcom\">https:\/\/x.com\/amerikaxcom<\/a><\/li>\n\n\n\n<li>Instagram: <a href=\"https:\/\/instagram.com\/amerikaxcom\">https:\/\/instagram.com\/amerikaxcom<\/a><\/li>\n<\/ul>\n\n<p>\u00a1Descubre Estados Unidos con <strong>Amerikax.com<\/strong>!<\/p>\n","protected":false},"excerpt":{"rendered":"<p>Amerikax.com es una plataforma de intercambio de informaci\u00f3n fundada en 2022 por&#46;&#46;&#46;<\/p>\n","protected":false},"author":1,"featured_media":0,"parent":0,"menu_order":0,"comment_status":"closed","ping_status":"closed","template":"","meta":{"footnotes":""},"class_list":["post-1221","page","type-page","status-publish","hentry"],"yoast_head":"<!-- This site is optimized with the Yoast SEO plugin v25.5 - https:\/\/yoast.com\/wordpress\/plugins\/seo\/ -->\n<title>Sobre nosotros | Amerikax<\/title>\n<meta name=\"robots\" content=\"index, follow, max-snippet:-1, max-image-preview:large, max-video-preview:-1\" \/>\n<link rel=\"canonical\" href=\"https:\/\/amerikax.com\/es\/sobre-nosotros\/\" \/>\n<meta property=\"og:locale\" content=\"es_ES\" \/>\n<meta property=\"og:type\" content=\"article\" \/>\n<meta property=\"og:title\" content=\"Sobre nosotros | Amerikax\" \/>\n<meta property=\"og:description\" content=\"Amerikax.com es una plataforma de intercambio de informaci\u00f3n fundada en 2022 por&#046;&#046;&#046;\" \/>\n<meta property=\"og:url\" content=\"https:\/\/amerikax.com\/es\/sobre-nosotros\/\" \/>\n<meta property=\"og:site_name\" content=\"Amerikax\" \/>\n<meta property=\"article:publisher\" content=\"https:\/\/facebook.com\/amerikaxcom\" \/>\n<meta property=\"article:modified_time\" content=\"2025-05-28T12:09:43+00:00\" \/>\n<meta property=\"og:image\" content=\"https:\/\/amerikax.com\/wp-content\/uploads\/2024\/04\/sosyalmedya.jpg\" \/>\n\t<meta property=\"og:image:width\" content=\"750\" \/>\n\t<meta property=\"og:image:height\" content=\"750\" \/>\n\t<meta property=\"og:image:type\" content=\"image\/jpeg\" \/>\n<meta name=\"twitter:card\" content=\"summary_large_image\" \/>\n<meta name=\"twitter:site\" content=\"@amerikaxcom\" \/>\n<meta name=\"twitter:label1\" content=\"Tiempo de lectura\" \/>\n\t<meta name=\"twitter:data1\" content=\"1 minuto\" \/>\n<script type=\"application\/ld+json\" class=\"yoast-schema-graph\">{\"@context\":\"https:\/\/schema.org\",\"@graph\":[{\"@type\":\"WebPage\",\"@id\":\"https:\/\/amerikax.com\/es\/sobre-nosotros\/\",\"url\":\"https:\/\/amerikax.com\/es\/sobre-nosotros\/\",\"name\":\"Sobre nosotros | Amerikax\",\"isPartOf\":{\"@id\":\"https:\/\/amerikax.com\/es\/#website\"},\"datePublished\":\"2024-04-28T13:40:37+00:00\",\"dateModified\":\"2025-05-28T12:09:43+00:00\",\"breadcrumb\":{\"@id\":\"https:\/\/amerikax.com\/es\/sobre-nosotros\/#breadcrumb\"},\"inLanguage\":\"es\",\"potentialAction\":[{\"@type\":\"ReadAction\",\"target\":[\"https:\/\/amerikax.com\/es\/sobre-nosotros\/\"]}]},{\"@type\":\"BreadcrumbList\",\"@id\":\"https:\/\/amerikax.com\/es\/sobre-nosotros\/#breadcrumb\",\"itemListElement\":[{\"@type\":\"ListItem\",\"position\":1,\"name\":\"Anasayfa\",\"item\":\"https:\/\/amerikax.com\/es\/\"},{\"@type\":\"ListItem\",\"position\":2,\"name\":\"Sobre nosotros\"}]},{\"@type\":\"WebSite\",\"@id\":\"https:\/\/amerikax.com\/es\/#website\",\"url\":\"https:\/\/amerikax.com\/es\/\",\"name\":\"Amerikax\",\"description\":\"Tu br\u00fajula digital hacia la informaci\u00f3n confiable\",\"publisher\":{\"@id\":\"https:\/\/amerikax.com\/es\/#organization\"},\"potentialAction\":[{\"@type\":\"SearchAction\",\"target\":{\"@type\":\"EntryPoint\",\"urlTemplate\":\"https:\/\/amerikax.com\/es\/?s={search_term_string}\"},\"query-input\":{\"@type\":\"PropertyValueSpecification\",\"valueRequired\":true,\"valueName\":\"search_term_string\"}}],\"inLanguage\":\"es\"},{\"@type\":\"Organization\",\"@id\":\"https:\/\/amerikax.com\/es\/#organization\",\"name\":\"Amerikax\",\"url\":\"https:\/\/amerikax.com\/es\/\",\"logo\":{\"@type\":\"ImageObject\",\"inLanguage\":\"es\",\"@id\":\"https:\/\/amerikax.com\/es\/#\/schema\/logo\/image\/\",\"url\":\"https:\/\/amerikax.com\/wp-content\/uploads\/2024\/04\/512.jpg\",\"contentUrl\":\"https:\/\/amerikax.com\/wp-content\/uploads\/2024\/04\/512.jpg\",\"width\":512,\"height\":512,\"caption\":\"Amerikax\"},\"image\":{\"@id\":\"https:\/\/amerikax.com\/es\/#\/schema\/logo\/image\/\"},\"sameAs\":[\"https:\/\/facebook.com\/amerikaxcom\",\"https:\/\/x.com\/amerikaxcom\",\"https:\/\/instagram.com\/amerikaxcom\",\"https:\/\/www.linkedin.com\/company\/amerikax\/\",\"https:\/\/www.youtube.com\/@amerikax\",\"https:\/\/www.pinterest.com\/amerikaxcom\"]}]}<\/script>\n<!-- \/ Yoast SEO plugin. -->","yoast_head_json":{"title":"Sobre nosotros | Amerikax","robots":{"index":"index","follow":"follow","max-snippet":"max-snippet:-1","max-image-preview":"max-image-preview:large","max-video-preview":"max-video-preview:-1"},"canonical":"https:\/\/amerikax.com\/es\/sobre-nosotros\/","og_locale":"es_ES","og_type":"article","og_title":"Sobre nosotros | Amerikax","og_description":"Amerikax.com es una plataforma de intercambio de informaci\u00f3n fundada en 2022 por&#46;&#46;&#46;","og_url":"https:\/\/amerikax.com\/es\/sobre-nosotros\/","og_site_name":"Amerikax","article_publisher":"https:\/\/facebook.com\/amerikaxcom","article_modified_time":"2025-05-28T12:09:43+00:00","og_image":[{"width":750,"height":750,"url":"https:\/\/amerikax.com\/wp-content\/uploads\/2024\/04\/sosyalmedya.jpg","type":"image\/jpeg"}],"twitter_card":"summary_large_image","twitter_site":"@amerikaxcom","twitter_misc":{"Tiempo de lectura":"1 minuto"},"schema":{"@context":"https:\/\/schema.org","@graph":[{"@type":"WebPage","@id":"https:\/\/amerikax.com\/es\/sobre-nosotros\/","url":"https:\/\/amerikax.com\/es\/sobre-nosotros\/","name":"Sobre nosotros | Amerikax","isPartOf":{"@id":"https:\/\/amerikax.com\/es\/#website"},"datePublished":"2024-04-28T13:40:37+00:00","dateModified":"2025-05-28T12:09:43+00:00","breadcrumb":{"@id":"https:\/\/amerikax.com\/es\/sobre-nosotros\/#breadcrumb"},"inLanguage":"es","potentialAction":[{"@type":"ReadAction","target":["https:\/\/amerikax.com\/es\/sobre-nosotros\/"]}]},{"@type":"BreadcrumbList","@id":"https:\/\/amerikax.com\/es\/sobre-nosotros\/#breadcrumb","itemListElement":[{"@type":"ListItem","position":1,"name":"Anasayfa","item":"https:\/\/amerikax.com\/es\/"},{"@type":"ListItem","position":2,"name":"Sobre nosotros"}]},{"@type":"WebSite","@id":"https:\/\/amerikax.com\/es\/#website","url":"https:\/\/amerikax.com\/es\/","name":"Amerikax","description":"Tu br\u00fajula digital hacia la informaci\u00f3n confiable","publisher":{"@id":"https:\/\/amerikax.com\/es\/#organization"},"potentialAction":[{"@type":"SearchAction","target":{"@type":"EntryPoint","urlTemplate":"https:\/\/amerikax.com\/es\/?s={search_term_string}"},"query-input":{"@type":"PropertyValueSpecification","valueRequired":true,"valueName":"search_term_string"}}],"inLanguage":"es"},{"@type":"Organization","@id":"https:\/\/amerikax.com\/es\/#organization","name":"Amerikax","url":"https:\/\/amerikax.com\/es\/","logo":{"@type":"ImageObject","inLanguage":"es","@id":"https:\/\/amerikax.com\/es\/#\/schema\/logo\/image\/","url":"https:\/\/amerikax.com\/wp-content\/uploads\/2024\/04\/512.jpg","contentUrl":"https:\/\/amerikax.com\/wp-content\/uploads\/2024\/04\/512.jpg","width":512,"height":512,"caption":"Amerikax"},"image":{"@id":"https:\/\/amerikax.com\/es\/#\/schema\/logo\/image\/"},"sameAs":["https:\/\/facebook.com\/amerikaxcom","https:\/\/x.com\/amerikaxcom","https:\/\/instagram.com\/amerikaxcom","https:\/\/www.linkedin.com\/company\/amerikax\/","https:\/\/www.youtube.com\/@amerikax","https:\/\/www.pinterest.com\/amerikaxcom"]}]}},"_links":{"self":[{"href":"https:\/\/amerikax.com\/es\/wp-json\/wp\/v2\/pages\/1221","targetHints":{"allow":["GET"]}}],"collection":[{"href":"https:\/\/amerikax.com\/es\/wp-json\/wp\/v2\/pages"}],"about":[{"href":"https:\/\/amerikax.com\/es\/wp-json\/wp\/v2\/types\/page"}],"author":[{"embeddable":true,"href":"https:\/\/amerikax.com\/es\/wp-json\/wp\/v2\/users\/1"}],"replies":[{"embeddable":true,"href":"https:\/\/amerikax.com\/es\/wp-json\/wp\/v2\/comments?post=1221"}],"version-history":[{"count":1,"href":"https:\/\/amerikax.com\/es\/wp-json\/wp\/v2\/pages\/1221\/revisions"}],"predecessor-version":[{"id":1222,"href":"https:\/\/amerikax.com\/es\/wp-json\/wp\/v2\/pages\/1221\/revisions\/1222"}],"wp:attachment":[{"href":"https:\/\/amerikax.com\/es\/wp-json\/wp\/v2\/media?parent=1221"}],"curies":[{"name":"wp","href":"https:\/\/api.w.org\/{rel}","templated":true}]}}